{"id":27006,"date":"2025-01-12T15:54:16","date_gmt":"2025-01-12T15:54:16","guid":{"rendered":"https:\/\/lingual-octopus.com\/client-tabloul-de-bord\/"},"modified":"2025-01-12T16:19:10","modified_gmt":"2025-01-12T16:19:10","slug":"client-tabloul-de-bord","status":"publish","type":"page","link":"https:\/\/lingual-octopus.com\/ro\/client-tabloul-de-bord\/","title":{"rendered":"Tablou de bord"},"content":{"rendered":"<sc-login-form>\n\t<span slot=\"title\">Intr\u0103 \u00een contul t\u0103u<\/span>\n<\/sc-login-form>\n","protected":false},"excerpt":{"rendered":"","protected":false},"author":1,"featured_media":0,"parent":0,"menu_order":4,"comment_status":"closed","ping_status":"closed","template":"pages\/template-surecart-dashboard.php","meta":{"_surecart_dashboard_logo_width":"180px","_surecart_dashboard_show_logo":true,"_surecart_dashboard_navigation_orders":true,"_surecart_dashboard_navigation_invoices":true,"_surecart_dashboard_navigation_subscriptions":true,"_surecart_dashboard_navigation_downloads":true,"_surecart_dashboard_navigation_billing":true,"_surecart_dashboard_navigation_account":true,"footnotes":""},"class_list":["post-27006","page","type-page","status-publish","hentry"],"_links":{"self":[{"href":"https:\/\/lingual-octopus.com\/ro\/wp-json\/wp\/v2\/pages\/27006","targetHints":{"allow":["GET"]}}],"collection":[{"href":"https:\/\/lingual-octopus.com\/ro\/wp-json\/wp\/v2\/pages"}],"about":[{"href":"https:\/\/lingual-octopus.com\/ro\/wp-json\/wp\/v2\/types\/page"}],"author":[{"embeddable":true,"href":"https:\/\/lingual-octopus.com\/ro\/wp-json\/wp\/v2\/users\/1"}],"replies":[{"embeddable":true,"href":"https:\/\/lingual-octopus.com\/ro\/wp-json\/wp\/v2\/comments?post=27006"}],"version-history":[{"count":1,"href":"https:\/\/lingual-octopus.com\/ro\/wp-json\/wp\/v2\/pages\/27006\/revisions"}],"predecessor-version":[{"id":27007,"href":"https:\/\/lingual-octopus.com\/ro\/wp-json\/wp\/v2\/pages\/27006\/revisions\/27007"}],"wp:attachment":[{"href":"https:\/\/lingual-octopus.com\/ro\/wp-json\/wp\/v2\/media?parent=27006"}],"curies":[{"name":"wp","href":"https:\/\/api.w.org\/{rel}","templated":true}]}}